{"id":401,"date":"2019-03-19T13:42:23","date_gmt":"2019-03-19T13:42:23","guid":{"rendered":"https:\/\/klemensolutions.com\/contact\/"},"modified":"2024-02-10T20:21:46","modified_gmt":"2024-02-10T18:21:46","slug":"contact","status":"publish","type":"page","link":"https:\/\/klemensolutions.com\/staging\/contact\/","title":{"rendered":"Kontakt"},"content":{"rendered":"\n\n\t<h1>\n\t\t\t\t\tPotrebujete pomo\u010d?\n\t\t\t\t<\/h1>\n\t\t\t<p>Predlagamo vam, da se obrnete na nas preko spodnjega kontaktnega obrazca.<\/p>\n\t<h3>\n\t\t\t\t\tDosegljivi smo na\n\t\t\t\t<\/h3>\n\t\t\t<p>+ 386 40 531 003<\/p>\n\t<h3>\n\t\t\t\t\tPi\u0161ite nam\n\t\t\t\t<\/h3>\n\t\t\t<p>Vabljeni, da nas kontaktirate preko spodnjega obrazca.<\/p>\n\t<h3>\n\t\t\t\t\tNaslov\n\t\t\t\t<\/h3>\n\t\t\t<p>Brod 43A<\/p>\n<p>8000 Novo mesto<\/p>\n\t<h3>\n\t\t\t\t\tOsnovni podatki o podjetju\n\t\t\t\t<\/h3>\n\t\t\t<p>Klemen solutions,<\/p>\n<p>informacijske tehnologije, Klemen Urban\u010d, s.p.<\/p>\n<p>Brod 43A<\/p>\n<p>8000 Novo mesto<\/p>\n<p>ID za DDV: SI23384719<\/p>\n<p>Mati\u010dna \u0161tevilka: 9102736000<\/p>\n\t<h2>\n\t\t\t\t\tPo\u0161ljite nam sporo\u010dilo\n\t\t\t\t<\/h2>\n\t\n<div class=\"wpcf7 no-js\" id=\"wpcf7-f4-o1\" lang=\"sl-SI\" dir=\"ltr\">\n<div class=\"screen-reader-response\"><p role=\"status\" aria-live=\"polite\" aria-atomic=\"true\"><\/p> <ul><\/ul><\/div>\n<form action=\"\/staging\/wp-json\/wp\/v2\/pages\/401#wpcf7-f4-o1\" method=\"post\" class=\"wpcf7-form init\" aria-label=\"Contact form\" novalidate=\"novalidate\" data-status=\"init\">\n<div style=\"display: none;\">\n<input type=\"hidden\" name=\"_wpcf7\" value=\"4\" \/>\n<input type=\"hidden\" name=\"_wpcf7_version\" value=\"5.9.8\" \/>\n<input type=\"hidden\" name=\"_wpcf7_locale\" value=\"sl_SI\" \/>\n<input type=\"hidden\" name=\"_wpcf7_unit_tag\" value=\"wpcf7-f4-o1\" \/>\n<input type=\"hidden\" name=\"_wpcf7_container_post\" value=\"0\" \/>\n<input type=\"hidden\" name=\"_wpcf7_posted_data_hash\" value=\"\" \/>\n<input type=\"hidden\" name=\"_wpcf7_recaptcha_response\" value=\"\" \/>\n<\/div>\n<p><label> Va\u0161e ime<br \/>\n<span class=\"wpcf7-form-control-wrap\" data-name=\"your-name\"><input size=\"40\" maxlength=\"400\" class=\"wpcf7-form-control wpcf7-text wpcf7-validates-as-required\" aria-required=\"true\" aria-invalid=\"false\" value=\"\" type=\"text\" name=\"your-name\" \/><\/span> <\/label>\n<\/p>\n<p><label> Podjetje<br \/>\n<span class=\"wpcf7-form-control-wrap\" data-name=\"podjetje\"><input size=\"40\" maxlength=\"400\" class=\"wpcf7-form-control wpcf7-text\" aria-invalid=\"false\" value=\"\" type=\"text\" name=\"podjetje\" \/><\/span> <\/label>\n<\/p>\n<p><label> Va\u0161 email<br \/>\n<span class=\"wpcf7-form-control-wrap\" data-name=\"your-email\"><input size=\"40\" maxlength=\"400\" class=\"wpcf7-form-control wpcf7-email wpcf7-validates-as-required wpcf7-text wpcf7-validates-as-email\" aria-required=\"true\" aria-invalid=\"false\" value=\"\" type=\"email\" name=\"your-email\" \/><\/span> <\/label>\n<\/p>\n<p><label>Va\u0161 telefon<br \/>\n<span class=\"wpcf7-form-control-wrap\" data-name=\"tel-364\"><input size=\"40\" maxlength=\"400\" class=\"wpcf7-form-control wpcf7-tel wpcf7-text wpcf7-validates-as-tel\" aria-invalid=\"false\" value=\"\" type=\"tel\" name=\"tel-364\" \/><\/span><\/label>\n<\/p>\n<p><label> Naslov sporo\u010dila<br \/>\n<span class=\"wpcf7-form-control-wrap\" data-name=\"your-subject\"><input size=\"40\" maxlength=\"400\" class=\"wpcf7-form-control wpcf7-text wpcf7-validates-as-required\" aria-required=\"true\" aria-invalid=\"false\" value=\"\" type=\"text\" name=\"your-subject\" \/><\/span> <\/label>\n<\/p>\n<p><label> Va\u0161e sporo\u010dilo<br \/>\n<span class=\"wpcf7-form-control-wrap\" data-name=\"your-message\"><textarea cols=\"40\" rows=\"10\" maxlength=\"2000\" class=\"wpcf7-form-control wpcf7-textarea wpcf7-validates-as-required\" aria-required=\"true\" aria-invalid=\"false\" name=\"your-message\"><\/textarea><\/span> <\/label>\n<\/p>\n<p><span class=\"wpcf7-form-control-wrap\" data-name=\"acceptance-299\"><span class=\"wpcf7-form-control wpcf7-acceptance optional\"><span class=\"wpcf7-list-item\"><label><input type=\"checkbox\" name=\"acceptance-299\" value=\"1\" aria-invalid=\"false\" \/><span class=\"wpcf7-list-item-label\">Sprejemam pogoje<\/span><\/label><\/span><\/span><\/span>\n<\/p>\n<span class=\"wpcf7-form-control-wrap recaptcha\" data-name=\"recaptcha\"><span data-sitekey=\"6Ld_3TwgAAAAAARKV7SaCIOap6a1tfJoO1TcjOE0\" class=\"wpcf7-form-control wpcf7-recaptcha g-recaptcha\"><\/span>\r\n<noscript>\r\n\t<div class=\"grecaptcha-noscript\">\r\n\t\t<iframe src=\"https:\/\/www.google.com\/recaptcha\/api\/fallback?k=6Ld_3TwgAAAAAARKV7SaCIOap6a1tfJoO1TcjOE0\" frameborder=\"0\" scrolling=\"no\" width=\"310\" height=\"430\">\r\n\t\t<\/iframe>\r\n\t\t<textarea name=\"g-recaptcha-response\" rows=\"3\" cols=\"40\" placeholder=\"reCaptcha Response Here\">\r\n\t\t<\/textarea>\r\n\t<\/div>\r\n<\/noscript>\r\n<\/span>\n<p><input class=\"wpcf7-form-control wpcf7-submit has-spinner\" type=\"submit\" value=\"Po\u0161lji\" \/>\n<\/p><p style=\"display: none !important;\" class=\"akismet-fields-container\" data-prefix=\"_wpcf7_ak_\"><label>&#916;<textarea name=\"_wpcf7_ak_hp_textarea\" cols=\"45\" rows=\"8\" maxlength=\"100\"><\/textarea><\/label><input type=\"hidden\" id=\"ak_js_1\" name=\"_wpcf7_ak_js\" value=\"213\"\/><script>document.getElementById( \"ak_js_1\" ).setAttribute( \"value\", ( new Date() ).getTime() );<\/script><\/p><div class=\"wpcf7-response-output\" aria-hidden=\"true\"><\/div>\n<\/form>\n<\/div>\n\n\t<h2>\n\t\t\t\t\tPogosta vpra\u0161anja\n\t\t\t\t<\/h2>\n\t<h3>\n\t\t\t\t\t1. Ali lahko naredite android aplikacijo po meri?\n\t\t\t\t<\/h3>\n\t\t\t<p>Vsekakor je treba preveriti va\u0161e zahteve glede same aplikacije, a zagotovo lahko na podlagi izku\u0161enj najdemo skupno re\u0161itev, ki bo idealna za vas.<\/p>\n\t<h3>\n\t\t\t\t\t2. Ali lahko hitro pripravite re\u0161itev?\n\t\t\t\t<\/h3>\n\t\t\t<p>\u010cas realizacije same re\u0161itve je odvisen od ve\u010d kriterijev:<\/p>\n<ul>\n<li>zahtevnost va\u0161ih \u017eelja<\/li>\n<li>priprava demo podatkov z va\u0161e strani<\/li>\n<li>potrditve opisa re\u0161itve ter naro\u010dila<\/li>\n<\/ul>\n\t<h3>\n\t\t\t\t\t3. Ali lahko pripravite re\u0161itev, ki se navezuje na na\u0161o obstoje\u010do re\u0161itev?\n\t\t\t\t<\/h3>\n\t\t\t<p>Vsekakor je to mo\u017eno, vendar je pri tem treba dobro preveriti va\u0161e \u017eelje ter mo\u017enost povezovanja.<\/p>\n<p>Na obstoje\u010de re\u0161itve se lahko povezujemo direktno na podatkovno bazo, preko API metod, s pomo\u010djo prenosa tekstovnih datotek ali kombinacije vsega.<\/p>\n\t<h3>\n\t\t\t\t\t4. Ali lahko poka\u017eete kak\u0161en primer?\n\t\t\t\t<\/h3>\n\t\t\t<p>Vsekakor je to mo\u017eno. Predlagamo vam, da nas kontaktirate preko kontaktnega obrazca, da se dogovorimo podrobnosti ter vam s tem prika\u017eemo primer, ki bi se najbolj pribli\u017eal va\u0161im \u017eeljam.<\/p>\n\n","protected":false},"excerpt":{"rendered":"<p>Potrebujete pomo\u010d? Predlagamo vam, da se obrnete na nas preko spodnjega kontaktnega obrazca. Dosegljivi smo na + 386 40 531 003 Pi\u0161ite nam Vabljeni, da nas kontaktirate preko spodnjega obrazca. Naslov Brod 43A 8000 Novo mesto Osnovni podatki o podjetju Klemen solutions, informacijske tehnologije, Klemen Urban\u010d, s.p. Brod 43A 8000 Novo mesto ID za DDV: [&hellip;]<\/p>\n","protected":false},"author":1,"featured_media":0,"parent":0,"menu_order":0,"comment_status":"closed","ping_status":"closed","template":"","meta":{"site-sidebar-layout":"no-sidebar","site-content-layout":"page-builder","ast-site-content-layout":"full-width-container","site-content-style":"unboxed","site-sidebar-style":"unboxed","ast-global-header-display":"","ast-banner-title-visibility":"","ast-main-header-display":"","ast-hfb-above-header-display":"","ast-hfb-below-header-display":"","ast-hfb-mobile-header-display":"","site-post-title":"disabled","ast-breadcrumbs-content":"","ast-featured-img":"disabled","footer-sml-layout":"","theme-transparent-header-meta":"enabled","adv-header-id-meta":"","stick-header-meta":"","header-above-stick-meta":"","header-main-stick-meta":"","header-below-stick-meta":"","astra-migrate-meta-layouts":"set","ast-page-background-enabled":"default","ast-page-background-meta":{"desktop":{"background-color":"","background-image":"","background-repeat":"repeat","background-position":"center center","background-size":"auto","background-attachment":"scroll","background-type":"","background-media":"","overlay-type":"","overlay-color":"","overlay-opacity":"","overlay-gradient":""},"tablet":{"background-color":"","background-image":"","background-repeat":"repeat","background-position":"center center","background-size":"auto","background-attachment":"scroll","background-type":"","background-media":"","overlay-type":"","overlay-color":"","overlay-opacity":"","overlay-gradient":""},"mobile":{"background-color":"","background-image":"","background-repeat":"repeat","background-position":"center center","background-size":"auto","background-attachment":"scroll","background-type":"","background-media":"","overlay-type":"","overlay-color":"","overlay-opacity":"","overlay-gradient":""}},"ast-content-background-meta":{"desktop":{"background-color":"var(--ast-global-color-5)","background-image":"","background-repeat":"repeat","background-position":"center center","background-size":"auto","background-attachment":"scroll","background-type":"","background-media":"","overlay-type":"","overlay-color":"","overlay-opacity":"","overlay-gradient":""},"tablet":{"background-color":"var(--ast-global-color-5)","background-image":"","background-repeat":"repeat","background-position":"center center","background-size":"auto","background-attachment":"scroll","background-type":"","background-media":"","overlay-type":"","overlay-color":"","overlay-opacity":"","overlay-gradient":""},"mobile":{"background-color":"var(--ast-global-color-5)","background-image":"","background-repeat":"repeat","background-position":"center center","background-size":"auto","background-attachment":"scroll","background-type":"","background-media":"","overlay-type":"","overlay-color":"","overlay-opacity":"","overlay-gradient":""}},"footnotes":""},"class_list":["post-401","page","type-page","status-publish","hentry"],"yoast_head":"<!-- This site is optimized with the Yoast SEO plugin v23.1 - https:\/\/yoast.com\/wordpress\/plugins\/seo\/ -->\n<title>Kontakt - Klemen solutions<\/title>\n<meta name=\"description\" content=\"Kontakt, sporo\u010dilo,\" \/>\n<meta name=\"robots\" content=\"noindex, follow, max-snippet:-1, max-image-preview:large, max-video-preview:-1\" \/>\n<meta property=\"og:locale\" content=\"sl_SI\" \/>\n<meta property=\"og:type\" content=\"article\" \/>\n<meta property=\"og:title\" content=\"Kontakt - Klemen solutions\" \/>\n<meta property=\"og:description\" content=\"Kontakt, sporo\u010dilo,\" \/>\n<meta property=\"og:url\" content=\"https:\/\/klemensolutions.com\/staging\/contact\/\" \/>\n<meta property=\"og:site_name\" content=\"Klemen solutions\" \/>\n<meta property=\"article:modified_time\" content=\"2024-02-10T18:21:46+00:00\" \/>\n<meta name=\"twitter:card\" content=\"summary_large_image\" \/>\n<meta name=\"twitter:label1\" content=\"Est. reading time\" \/>\n\t<meta name=\"twitter:data1\" content=\"2 minuti\" \/>\n<script type=\"application\/ld+json\" class=\"yoast-schema-graph\">{\"@context\":\"https:\/\/schema.org\",\"@graph\":[{\"@type\":\"WebPage\",\"@id\":\"https:\/\/klemensolutions.com\/staging\/contact\/\",\"url\":\"https:\/\/klemensolutions.com\/staging\/contact\/\",\"name\":\"Kontakt - Klemen solutions\",\"isPartOf\":{\"@id\":\"https:\/\/klemensolutions.com\/staging\/#website\"},\"datePublished\":\"2019-03-19T13:42:23+00:00\",\"dateModified\":\"2024-02-10T18:21:46+00:00\",\"description\":\"Kontakt, sporo\u010dilo,\",\"breadcrumb\":{\"@id\":\"https:\/\/klemensolutions.com\/staging\/contact\/#breadcrumb\"},\"inLanguage\":\"sl-SI\",\"potentialAction\":[{\"@type\":\"ReadAction\",\"target\":[\"https:\/\/klemensolutions.com\/staging\/contact\/\"]}]},{\"@type\":\"BreadcrumbList\",\"@id\":\"https:\/\/klemensolutions.com\/staging\/contact\/#breadcrumb\",\"itemListElement\":[{\"@type\":\"ListItem\",\"position\":1,\"name\":\"Domov\",\"item\":\"https:\/\/klemensolutions.com\/staging\/\"},{\"@type\":\"ListItem\",\"position\":2,\"name\":\"Kontakt\"}]},{\"@type\":\"WebSite\",\"@id\":\"https:\/\/klemensolutions.com\/staging\/#website\",\"url\":\"https:\/\/klemensolutions.com\/staging\/\",\"name\":\"Klemen solutions\",\"description\":\"Skupaj zmoremo ve\u010d!\",\"potentialAction\":[{\"@type\":\"SearchAction\",\"target\":{\"@type\":\"EntryPoint\",\"urlTemplate\":\"https:\/\/klemensolutions.com\/staging\/?s={search_term_string}\"},\"query-input\":\"required name=search_term_string\"}],\"inLanguage\":\"sl-SI\"}]}<\/script>\n<!-- \/ Yoast SEO plugin. -->","yoast_head_json":{"title":"Kontakt - Klemen solutions","description":"Kontakt, sporo\u010dilo,","robots":{"index":"noindex","follow":"follow","max-snippet":"max-snippet:-1","max-image-preview":"max-image-preview:large","max-video-preview":"max-video-preview:-1"},"og_locale":"sl_SI","og_type":"article","og_title":"Kontakt - Klemen solutions","og_description":"Kontakt, sporo\u010dilo,","og_url":"https:\/\/klemensolutions.com\/staging\/contact\/","og_site_name":"Klemen solutions","article_modified_time":"2024-02-10T18:21:46+00:00","twitter_card":"summary_large_image","twitter_misc":{"Est. reading time":"2 minuti"},"schema":{"@context":"https:\/\/schema.org","@graph":[{"@type":"WebPage","@id":"https:\/\/klemensolutions.com\/staging\/contact\/","url":"https:\/\/klemensolutions.com\/staging\/contact\/","name":"Kontakt - Klemen solutions","isPartOf":{"@id":"https:\/\/klemensolutions.com\/staging\/#website"},"datePublished":"2019-03-19T13:42:23+00:00","dateModified":"2024-02-10T18:21:46+00:00","description":"Kontakt, sporo\u010dilo,","breadcrumb":{"@id":"https:\/\/klemensolutions.com\/staging\/contact\/#breadcrumb"},"inLanguage":"sl-SI","potentialAction":[{"@type":"ReadAction","target":["https:\/\/klemensolutions.com\/staging\/contact\/"]}]},{"@type":"BreadcrumbList","@id":"https:\/\/klemensolutions.com\/staging\/contact\/#breadcrumb","itemListElement":[{"@type":"ListItem","position":1,"name":"Domov","item":"https:\/\/klemensolutions.com\/staging\/"},{"@type":"ListItem","position":2,"name":"Kontakt"}]},{"@type":"WebSite","@id":"https:\/\/klemensolutions.com\/staging\/#website","url":"https:\/\/klemensolutions.com\/staging\/","name":"Klemen solutions","description":"Skupaj zmoremo ve\u010d!","potentialAction":[{"@type":"SearchAction","target":{"@type":"EntryPoint","urlTemplate":"https:\/\/klemensolutions.com\/staging\/?s={search_term_string}"},"query-input":"required name=search_term_string"}],"inLanguage":"sl-SI"}]}},"_links":{"self":[{"href":"https:\/\/klemensolutions.com\/staging\/wp-json\/wp\/v2\/pages\/401","targetHints":{"allow":["GET"]}}],"collection":[{"href":"https:\/\/klemensolutions.com\/staging\/wp-json\/wp\/v2\/pages"}],"about":[{"href":"https:\/\/klemensolutions.com\/staging\/wp-json\/wp\/v2\/types\/page"}],"author":[{"embeddable":true,"href":"https:\/\/klemensolutions.com\/staging\/wp-json\/wp\/v2\/users\/1"}],"replies":[{"embeddable":true,"href":"https:\/\/klemensolutions.com\/staging\/wp-json\/wp\/v2\/comments?post=401"}],"version-history":[{"count":20,"href":"https:\/\/klemensolutions.com\/staging\/wp-json\/wp\/v2\/pages\/401\/revisions"}],"predecessor-version":[{"id":25201,"href":"https:\/\/klemensolutions.com\/staging\/wp-json\/wp\/v2\/pages\/401\/revisions\/25201"}],"wp:attachment":[{"href":"https:\/\/klemensolutions.com\/staging\/wp-json\/wp\/v2\/media?parent=401"}],"curies":[{"name":"wp","href":"https:\/\/api.w.org\/{rel}","templated":true}]}}