{"id":25138,"date":"2022-04-17T19:58:34","date_gmt":"2022-04-17T18:58:34","guid":{"rendered":"https:\/\/klemensolutions.com\/staging\/?page_id=25138"},"modified":"2022-04-23T21:22:02","modified_gmt":"2022-04-23T20:22:02","slug":"all-courses","status":"publish","type":"page","link":"https:\/\/klemensolutions.com\/staging\/all-courses\/","title":{"rendered":"Re\u0161itve"},"content":{"rendered":"\n\n\t<h1>\n\t\t\t\t\tRe\u0161itve\n\t\t\t\t<\/h1>\n\t\t\t<p>Nekaj na\u0161ih re\u0161itev<\/p>\n<h2>\n\t\tInventure\n\t<\/h2>\n\t<p>Ste naveli\u010dani izvajati popis ro\u010dno? Si \u017eelite ve\u010d natan\u010dnosti?<\/p>\n<p>Potem vam lahko pomagamo s preprosto re\u0161itvijo, ki omogo\u010da skeniranje \u010drtne kode ter prenos podatkov v tekstovni obliki.<\/p>\n<p>Uporabljate lahko re\u0161itev brez \u0161ifrantov, na voljo vam je tudi napredna re\u0161itev, ki omogo\u010da vnos artiklov, subjektov in lokacij.<\/p>\n<p>Za ve\u010d informacij nas kontaktirajte preko kontaktnega obrazca.<\/p>\n<h2>\n\t\tKonferen\u010dne re\u0161itve\n\t<\/h2>\n\t<p>Izvajate razli\u010dne konference in potrebujete voditi evidenco udele\u017eencev?<\/p>\n<p>\u010ce je va\u0161 odgovor pritrdilen, potem vam lahko pomagamo z na\u0161imi re\u0161itvami za konference!<\/p>\n<p>Kako? S pomo\u010djo seznama udele\u017eencev, seznama predavanj potem ustrezno pripravimo nalepke s \u010drtnimi kodami, ki jih uporabite na akreditiaciji. Zatem se udele\u017eence skenira ob prihodu v posamezno dvorano.<\/p>\n<p>Za ve\u010d informacij nas kontaktirajte preko kontaktnega obrazca.<\/p>\n<h2>\n\t\tAndroid &#038; iOS re\u0161itev za dogodke\n\t<\/h2>\n\t<p>Za na\u0161ega partnerja Forum IRT smo pripravili re\u0161itev, ki vodi udele\u017eence Industrijskega foruma IRT skozi sam dogodek, na na\u010din, da jim omogo\u010da:<\/p>\n<ul>\n<li>informacije o lokaciji<\/li>\n<li>informacije o samem dogodku<\/li>\n<li>informacije o razstavljavcih in sponzorjih<\/li>\n<li>agenda dogodka<\/li>\n<li>anketa za nagradno igro<\/li>\n<li>glasovanje<\/li>\n<\/ul>\n<p>Ve\u010d na strani <a href=\"https:\/\/www.forum-irt.si\/\">Industrijski forum IRT<\/a>.<\/p>\n\n","protected":false},"excerpt":{"rendered":"<p>Re\u0161itve Nekaj na\u0161ih re\u0161itev Inventure Ste naveli\u010dani izvajati popis ro\u010dno? Si \u017eelite ve\u010d natan\u010dnosti? Potem vam lahko pomagamo s preprosto re\u0161itvijo, ki omogo\u010da skeniranje \u010drtne kode ter prenos podatkov v tekstovni obliki. Uporabljate lahko re\u0161itev brez \u0161ifrantov, na voljo vam je tudi napredna re\u0161itev, ki omogo\u010da vnos artiklov, subjektov in lokacij. Za ve\u010d informacij nas [&hellip;]<\/p>\n","protected":false},"author":1,"featured_media":0,"parent":0,"menu_order":0,"comment_status":"closed","ping_status":"closed","template":"","meta":{"site-sidebar-layout":"no-sidebar","site-content-layout":"page-builder","ast-site-content-layout":"","site-content-style":"default","site-sidebar-style":"default","ast-global-header-display":"","ast-banner-title-visibility":"","ast-main-header-display":"","ast-hfb-above-header-display":"","ast-hfb-below-header-display":"","ast-hfb-mobile-header-display":"","site-post-title":"disabled","ast-breadcrumbs-content":"","ast-featured-img":"disabled","footer-sml-layout":"","theme-transparent-header-meta":"enabled","adv-header-id-meta":"","stick-header-meta":"","header-above-stick-meta":"","header-main-stick-meta":"","header-below-stick-meta":"","astra-migrate-meta-layouts":"default","ast-page-background-enabled":"default","ast-page-background-meta":{"desktop":{"background-color":"","background-image":"","background-repeat":"repeat","background-position":"center center","background-size":"auto","background-attachment":"scroll","background-type":"","background-media":"","overlay-type":"","overlay-color":"","overlay-opacity":"","overlay-gradient":""},"tablet":{"background-color":"","background-image":"","background-repeat":"repeat","background-position":"center center","background-size":"auto","background-attachment":"scroll","background-type":"","background-media":"","overlay-type":"","overlay-color":"","overlay-opacity":"","overlay-gradient":""},"mobile":{"background-color":"","background-image":"","background-repeat":"repeat","background-position":"center center","background-size":"auto","background-attachment":"scroll","background-type":"","background-media":"","overlay-type":"","overlay-color":"","overlay-opacity":"","overlay-gradient":""}},"ast-content-background-meta":{"desktop":{"background-color":"var(--ast-global-color-5)","background-image":"","background-repeat":"repeat","background-position":"center center","background-size":"auto","background-attachment":"scroll","background-type":"","background-media":"","overlay-type":"","overlay-color":"","overlay-opacity":"","overlay-gradient":""},"tablet":{"background-color":"var(--ast-global-color-5)","background-image":"","background-repeat":"repeat","background-position":"center center","background-size":"auto","background-attachment":"scroll","background-type":"","background-media":"","overlay-type":"","overlay-color":"","overlay-opacity":"","overlay-gradient":""},"mobile":{"background-color":"var(--ast-global-color-5)","background-image":"","background-repeat":"repeat","background-position":"center center","background-size":"auto","background-attachment":"scroll","background-type":"","background-media":"","overlay-type":"","overlay-color":"","overlay-opacity":"","overlay-gradient":""}},"footnotes":""},"class_list":["post-25138","page","type-page","status-publish","hentry"],"yoast_head":"<!-- This site is optimized with the Yoast SEO plugin v23.1 - https:\/\/yoast.com\/wordpress\/plugins\/seo\/ -->\n<title>Re\u0161itve - Klemen solutions<\/title>\n<meta name=\"description\" content=\"Na\u0161e re\u0161itve, android, re\u0161itve po meri, android specialisti\" \/>\n<meta name=\"robots\" content=\"noindex, follow, max-snippet:-1, max-image-preview:large, max-video-preview:-1\" \/>\n<meta property=\"og:locale\" content=\"sl_SI\" \/>\n<meta property=\"og:type\" content=\"article\" \/>\n<meta property=\"og:title\" content=\"Re\u0161itve - Klemen solutions\" \/>\n<meta property=\"og:description\" content=\"Na\u0161e re\u0161itve, android, re\u0161itve po meri, android specialisti\" \/>\n<meta property=\"og:url\" content=\"https:\/\/klemensolutions.com\/staging\/all-courses\/\" \/>\n<meta property=\"og:site_name\" content=\"Klemen solutions\" \/>\n<meta property=\"article:modified_time\" content=\"2022-04-23T20:22:02+00:00\" \/>\n<meta name=\"twitter:card\" content=\"summary_large_image\" \/>\n<meta name=\"twitter:label1\" content=\"Est. reading time\" \/>\n\t<meta name=\"twitter:data1\" content=\"1 minuta\" \/>\n<script type=\"application\/ld+json\" class=\"yoast-schema-graph\">{\"@context\":\"https:\/\/schema.org\",\"@graph\":[{\"@type\":\"WebPage\",\"@id\":\"https:\/\/klemensolutions.com\/staging\/all-courses\/\",\"url\":\"https:\/\/klemensolutions.com\/staging\/all-courses\/\",\"name\":\"Re\u0161itve - Klemen solutions\",\"isPartOf\":{\"@id\":\"https:\/\/klemensolutions.com\/staging\/#website\"},\"datePublished\":\"2022-04-17T18:58:34+00:00\",\"dateModified\":\"2022-04-23T20:22:02+00:00\",\"description\":\"Na\u0161e re\u0161itve, android, re\u0161itve po meri, android specialisti\",\"breadcrumb\":{\"@id\":\"https:\/\/klemensolutions.com\/staging\/all-courses\/#breadcrumb\"},\"inLanguage\":\"sl-SI\",\"potentialAction\":[{\"@type\":\"ReadAction\",\"target\":[\"https:\/\/klemensolutions.com\/staging\/all-courses\/\"]}]},{\"@type\":\"BreadcrumbList\",\"@id\":\"https:\/\/klemensolutions.com\/staging\/all-courses\/#breadcrumb\",\"itemListElement\":[{\"@type\":\"ListItem\",\"position\":1,\"name\":\"Domov\",\"item\":\"https:\/\/klemensolutions.com\/staging\/\"},{\"@type\":\"ListItem\",\"position\":2,\"name\":\"Re\u0161itve\"}]},{\"@type\":\"WebSite\",\"@id\":\"https:\/\/klemensolutions.com\/staging\/#website\",\"url\":\"https:\/\/klemensolutions.com\/staging\/\",\"name\":\"Klemen solutions\",\"description\":\"Skupaj zmoremo ve\u010d!\",\"potentialAction\":[{\"@type\":\"SearchAction\",\"target\":{\"@type\":\"EntryPoint\",\"urlTemplate\":\"https:\/\/klemensolutions.com\/staging\/?s={search_term_string}\"},\"query-input\":\"required name=search_term_string\"}],\"inLanguage\":\"sl-SI\"}]}<\/script>\n<!-- \/ Yoast SEO plugin. -->","yoast_head_json":{"title":"Re\u0161itve - Klemen solutions","description":"Na\u0161e re\u0161itve, android, re\u0161itve po meri, android specialisti","robots":{"index":"noindex","follow":"follow","max-snippet":"max-snippet:-1","max-image-preview":"max-image-preview:large","max-video-preview":"max-video-preview:-1"},"og_locale":"sl_SI","og_type":"article","og_title":"Re\u0161itve - Klemen solutions","og_description":"Na\u0161e re\u0161itve, android, re\u0161itve po meri, android specialisti","og_url":"https:\/\/klemensolutions.com\/staging\/all-courses\/","og_site_name":"Klemen solutions","article_modified_time":"2022-04-23T20:22:02+00:00","twitter_card":"summary_large_image","twitter_misc":{"Est. reading time":"1 minuta"},"schema":{"@context":"https:\/\/schema.org","@graph":[{"@type":"WebPage","@id":"https:\/\/klemensolutions.com\/staging\/all-courses\/","url":"https:\/\/klemensolutions.com\/staging\/all-courses\/","name":"Re\u0161itve - Klemen solutions","isPartOf":{"@id":"https:\/\/klemensolutions.com\/staging\/#website"},"datePublished":"2022-04-17T18:58:34+00:00","dateModified":"2022-04-23T20:22:02+00:00","description":"Na\u0161e re\u0161itve, android, re\u0161itve po meri, android specialisti","breadcrumb":{"@id":"https:\/\/klemensolutions.com\/staging\/all-courses\/#breadcrumb"},"inLanguage":"sl-SI","potentialAction":[{"@type":"ReadAction","target":["https:\/\/klemensolutions.com\/staging\/all-courses\/"]}]},{"@type":"BreadcrumbList","@id":"https:\/\/klemensolutions.com\/staging\/all-courses\/#breadcrumb","itemListElement":[{"@type":"ListItem","position":1,"name":"Domov","item":"https:\/\/klemensolutions.com\/staging\/"},{"@type":"ListItem","position":2,"name":"Re\u0161itve"}]},{"@type":"WebSite","@id":"https:\/\/klemensolutions.com\/staging\/#website","url":"https:\/\/klemensolutions.com\/staging\/","name":"Klemen solutions","description":"Skupaj zmoremo ve\u010d!","potentialAction":[{"@type":"SearchAction","target":{"@type":"EntryPoint","urlTemplate":"https:\/\/klemensolutions.com\/staging\/?s={search_term_string}"},"query-input":"required name=search_term_string"}],"inLanguage":"sl-SI"}]}},"_links":{"self":[{"href":"https:\/\/klemensolutions.com\/staging\/wp-json\/wp\/v2\/pages\/25138","targetHints":{"allow":["GET"]}}],"collection":[{"href":"https:\/\/klemensolutions.com\/staging\/wp-json\/wp\/v2\/pages"}],"about":[{"href":"https:\/\/klemensolutions.com\/staging\/wp-json\/wp\/v2\/types\/page"}],"author":[{"embeddable":true,"href":"https:\/\/klemensolutions.com\/staging\/wp-json\/wp\/v2\/users\/1"}],"replies":[{"embeddable":true,"href":"https:\/\/klemensolutions.com\/staging\/wp-json\/wp\/v2\/comments?post=25138"}],"version-history":[{"count":6,"href":"https:\/\/klemensolutions.com\/staging\/wp-json\/wp\/v2\/pages\/25138\/revisions"}],"predecessor-version":[{"id":25157,"href":"https:\/\/klemensolutions.com\/staging\/wp-json\/wp\/v2\/pages\/25138\/revisions\/25157"}],"wp:attachment":[{"href":"https:\/\/klemensolutions.com\/staging\/wp-json\/wp\/v2\/media?parent=25138"}],"curies":[{"name":"wp","href":"https:\/\/api.w.org\/{rel}","templated":true}]}}