{"id":25079,"date":"2022-03-05T19:42:04","date_gmt":"2022-03-05T18:42:04","guid":{"rendered":"https:\/\/klemensolutions.com\/staging\/?page_id=25079"},"modified":"2022-03-13T21:07:26","modified_gmt":"2022-03-13T20:07:26","slug":"home-copy","status":"publish","type":"page","link":"https:\/\/klemensolutions.com\/staging\/en\/home-copy\/","title":{"rendered":"Home"},"content":{"rendered":"\n\n\t<h1>\n\t\t\t\t\tExperts with experience\n\t\t\t\t<\/h1>\n\t\t\t<p>We are experienced in creating mobile solutions in various fields and combinations (Android, iOS, Windows Mobile, Windows CE).<\/p>\n\t\t\t<a href=\"https:\/\/klemensolutions.com\/staging\/en\/all-courses-copy\/\" target=\"_self\" role=\"button\" rel=\"noopener\">\n\t\t\t\t\t\tSolutions\n\t\t<\/a>\n\t<h3>\n\t\t\t\t\tAndroid\n\t\t\t\t<\/h3>\n\t\t\t<p>With our knowledge and experience we can provide you with Android solutions in combination with handheld devices.<\/p>\n<p>\u00a0<\/p>\n\t<h3>\n\t\t\t\t\tCustom solutions\n\t\t\t\t<\/h3>\n\t\t\t<p>We can provide you with Android \/ Windows Mobile \/ Windows CE, which will expand your business to another dimension.<\/p>\n\t<h3>\n\t\t\t\t\tConnection to your system\n\t\t\t\t<\/h3>\n\t\t\t<p>With our experience and knowledge we can provide you with a connection between your your system and our solutions.<\/p>\n<h2>\n\t\tWe can help you!\n\t<\/h2>\n\t<ul>\n\t\t<li>\t\t\t\t\n\t\t<h4>Are you looking for mobile solutions?<\/h4><p>In case you need a professional Android solution for your work, we are the right address for you!<\/p><\/li><li>\t\t\t\t\n\t\t<h4>Do you need an additional solution in your business?<\/h4><p>Are you looking for an additional mobile solution, but don&#8217;t know where to get it? Then we are the right one for you!<\/p><\/li><li>\t\t\t\t\n\t\t<h4>Can&#8217;t find the right software solution for you?<\/h4><p>In case you have not yet found a suitable software solution for your business, we suggest that you contact us to check how we could help you.<\/p><\/li>\t<\/ul>\n\n","protected":false},"excerpt":{"rendered":"<p>Experts with experience We are experienced in creating mobile solutions in various fields and combinations (Android, iOS, Windows Mobile, Windows CE). Solutions Android With our knowledge and experience we can provide you with Android solutions in combination with handheld devices. \u00a0 Custom solutions We can provide you with Android \/ Windows Mobile \/ Windows CE, [&hellip;]<\/p>\n","protected":false},"author":1,"featured_media":0,"parent":0,"menu_order":0,"comment_status":"closed","ping_status":"closed","template":"","meta":{"site-sidebar-layout":"default","site-content-layout":"","ast-site-content-layout":"","site-content-style":"default","site-sidebar-style":"default","ast-global-header-display":"","ast-banner-title-visibility":"","ast-main-header-display":"","ast-hfb-above-header-display":"","ast-hfb-below-header-display":"","ast-hfb-mobile-header-display":"","site-post-title":"","ast-breadcrumbs-content":"","ast-featured-img":"","footer-sml-layout":"","theme-transparent-header-meta":"","adv-header-id-meta":"","stick-header-meta":"","header-above-stick-meta":"","header-main-stick-meta":"","header-below-stick-meta":"","astra-migrate-meta-layouts":"default","ast-page-background-enabled":"default","ast-page-background-meta":{"desktop":{"background-color":"","background-image":"","background-repeat":"repeat","background-position":"center center","background-size":"auto","background-attachment":"scroll","background-type":"","background-media":"","overlay-type":"","overlay-color":"","overlay-opacity":"","overlay-gradient":""},"tablet":{"background-color":"","background-image":"","background-repeat":"repeat","background-position":"center center","background-size":"auto","background-attachment":"scroll","background-type":"","background-media":"","overlay-type":"","overlay-color":"","overlay-opacity":"","overlay-gradient":""},"mobile":{"background-color":"","background-image":"","background-repeat":"repeat","background-position":"center center","background-size":"auto","background-attachment":"scroll","background-type":"","background-media":"","overlay-type":"","overlay-color":"","overlay-opacity":"","overlay-gradient":""}},"ast-content-background-meta":{"desktop":{"background-color":"var(--ast-global-color-5)","background-image":"","background-repeat":"repeat","background-position":"center center","background-size":"auto","background-attachment":"scroll","background-type":"","background-media":"","overlay-type":"","overlay-color":"","overlay-opacity":"","overlay-gradient":""},"tablet":{"background-color":"var(--ast-global-color-5)","background-image":"","background-repeat":"repeat","background-position":"center center","background-size":"auto","background-attachment":"scroll","background-type":"","background-media":"","overlay-type":"","overlay-color":"","overlay-opacity":"","overlay-gradient":""},"mobile":{"background-color":"var(--ast-global-color-5)","background-image":"","background-repeat":"repeat","background-position":"center center","background-size":"auto","background-attachment":"scroll","background-type":"","background-media":"","overlay-type":"","overlay-color":"","overlay-opacity":"","overlay-gradient":""}},"footnotes":""},"class_list":["post-25079","page","type-page","status-publish","hentry"],"yoast_head":"<!-- This site is optimized with the Yoast SEO plugin v23.1 - https:\/\/yoast.com\/wordpress\/plugins\/seo\/ -->\n<title>Home - Klemen solutions<\/title>\n<meta name=\"description\" content=\"Doma\u010da stran Klemen solutions, Poslovne mobilne re\u0161itve, Mobilne re\u0161itve, Mobile solutions\" \/>\n<meta name=\"robots\" content=\"noindex, follow, max-snippet:-1, max-image-preview:large, max-video-preview:-1\" \/>\n<meta property=\"og:locale\" content=\"sl_SI\" \/>\n<meta property=\"og:type\" content=\"article\" \/>\n<meta property=\"og:title\" content=\"Home - Klemen solutions\" \/>\n<meta property=\"og:description\" content=\"Doma\u010da stran Klemen solutions, Poslovne mobilne re\u0161itve, Mobilne re\u0161itve, Mobile solutions\" \/>\n<meta property=\"og:url\" content=\"https:\/\/klemensolutions.com\/staging\/en\/home-copy\/\" \/>\n<meta property=\"og:site_name\" content=\"Klemen solutions\" \/>\n<meta property=\"article:modified_time\" content=\"2022-03-13T20:07:26+00:00\" \/>\n<meta name=\"twitter:card\" content=\"summary_large_image\" \/>\n<meta name=\"twitter:label1\" content=\"Est. reading time\" \/>\n\t<meta name=\"twitter:data1\" content=\"1 minuta\" \/>\n<script type=\"application\/ld+json\" class=\"yoast-schema-graph\">{\"@context\":\"https:\/\/schema.org\",\"@graph\":[{\"@type\":\"WebPage\",\"@id\":\"https:\/\/klemensolutions.com\/staging\/en\/home-copy\/\",\"url\":\"https:\/\/klemensolutions.com\/staging\/en\/home-copy\/\",\"name\":\"Home - Klemen solutions\",\"isPartOf\":{\"@id\":\"https:\/\/klemensolutions.com\/staging\/#website\"},\"datePublished\":\"2022-03-05T18:42:04+00:00\",\"dateModified\":\"2022-03-13T20:07:26+00:00\",\"description\":\"Doma\u010da stran Klemen solutions, Poslovne mobilne re\u0161itve, Mobilne re\u0161itve, Mobile solutions\",\"breadcrumb\":{\"@id\":\"https:\/\/klemensolutions.com\/staging\/en\/home-copy\/#breadcrumb\"},\"inLanguage\":\"sl-SI\",\"potentialAction\":[{\"@type\":\"ReadAction\",\"target\":[\"https:\/\/klemensolutions.com\/staging\/en\/home-copy\/\"]}]},{\"@type\":\"BreadcrumbList\",\"@id\":\"https:\/\/klemensolutions.com\/staging\/en\/home-copy\/#breadcrumb\",\"itemListElement\":[{\"@type\":\"ListItem\",\"position\":1,\"name\":\"Domov\",\"item\":\"https:\/\/klemensolutions.com\/staging\/\"},{\"@type\":\"ListItem\",\"position\":2,\"name\":\"Home\"}]},{\"@type\":\"WebSite\",\"@id\":\"https:\/\/klemensolutions.com\/staging\/#website\",\"url\":\"https:\/\/klemensolutions.com\/staging\/\",\"name\":\"Klemen solutions\",\"description\":\"Skupaj zmoremo ve\u010d!\",\"potentialAction\":[{\"@type\":\"SearchAction\",\"target\":{\"@type\":\"EntryPoint\",\"urlTemplate\":\"https:\/\/klemensolutions.com\/staging\/?s={search_term_string}\"},\"query-input\":\"required name=search_term_string\"}],\"inLanguage\":\"sl-SI\"}]}<\/script>\n<!-- \/ Yoast SEO plugin. -->","yoast_head_json":{"title":"Home - Klemen solutions","description":"Doma\u010da stran Klemen solutions, Poslovne mobilne re\u0161itve, Mobilne re\u0161itve, Mobile solutions","robots":{"index":"noindex","follow":"follow","max-snippet":"max-snippet:-1","max-image-preview":"max-image-preview:large","max-video-preview":"max-video-preview:-1"},"og_locale":"sl_SI","og_type":"article","og_title":"Home - Klemen solutions","og_description":"Doma\u010da stran Klemen solutions, Poslovne mobilne re\u0161itve, Mobilne re\u0161itve, Mobile solutions","og_url":"https:\/\/klemensolutions.com\/staging\/en\/home-copy\/","og_site_name":"Klemen solutions","article_modified_time":"2022-03-13T20:07:26+00:00","twitter_card":"summary_large_image","twitter_misc":{"Est. reading time":"1 minuta"},"schema":{"@context":"https:\/\/schema.org","@graph":[{"@type":"WebPage","@id":"https:\/\/klemensolutions.com\/staging\/en\/home-copy\/","url":"https:\/\/klemensolutions.com\/staging\/en\/home-copy\/","name":"Home - Klemen solutions","isPartOf":{"@id":"https:\/\/klemensolutions.com\/staging\/#website"},"datePublished":"2022-03-05T18:42:04+00:00","dateModified":"2022-03-13T20:07:26+00:00","description":"Doma\u010da stran Klemen solutions, Poslovne mobilne re\u0161itve, Mobilne re\u0161itve, Mobile solutions","breadcrumb":{"@id":"https:\/\/klemensolutions.com\/staging\/en\/home-copy\/#breadcrumb"},"inLanguage":"sl-SI","potentialAction":[{"@type":"ReadAction","target":["https:\/\/klemensolutions.com\/staging\/en\/home-copy\/"]}]},{"@type":"BreadcrumbList","@id":"https:\/\/klemensolutions.com\/staging\/en\/home-copy\/#breadcrumb","itemListElement":[{"@type":"ListItem","position":1,"name":"Domov","item":"https:\/\/klemensolutions.com\/staging\/"},{"@type":"ListItem","position":2,"name":"Home"}]},{"@type":"WebSite","@id":"https:\/\/klemensolutions.com\/staging\/#website","url":"https:\/\/klemensolutions.com\/staging\/","name":"Klemen solutions","description":"Skupaj zmoremo ve\u010d!","potentialAction":[{"@type":"SearchAction","target":{"@type":"EntryPoint","urlTemplate":"https:\/\/klemensolutions.com\/staging\/?s={search_term_string}"},"query-input":"required name=search_term_string"}],"inLanguage":"sl-SI"}]}},"_links":{"self":[{"href":"https:\/\/klemensolutions.com\/staging\/wp-json\/wp\/v2\/pages\/25079","targetHints":{"allow":["GET"]}}],"collection":[{"href":"https:\/\/klemensolutions.com\/staging\/wp-json\/wp\/v2\/pages"}],"about":[{"href":"https:\/\/klemensolutions.com\/staging\/wp-json\/wp\/v2\/types\/page"}],"author":[{"embeddable":true,"href":"https:\/\/klemensolutions.com\/staging\/wp-json\/wp\/v2\/users\/1"}],"replies":[{"embeddable":true,"href":"https:\/\/klemensolutions.com\/staging\/wp-json\/wp\/v2\/comments?post=25079"}],"version-history":[{"count":9,"href":"https:\/\/klemensolutions.com\/staging\/wp-json\/wp\/v2\/pages\/25079\/revisions"}],"predecessor-version":[{"id":25098,"href":"https:\/\/klemensolutions.com\/staging\/wp-json\/wp\/v2\/pages\/25079\/revisions\/25098"}],"wp:attachment":[{"href":"https:\/\/klemensolutions.com\/staging\/wp-json\/wp\/v2\/media?parent=25079"}],"curies":[{"name":"wp","href":"https:\/\/api.w.org\/{rel}","templated":true}]}}