{"id":25028,"date":"2022-02-26T17:27:31","date_gmt":"2022-02-26T16:27:31","guid":{"rendered":"https:\/\/klemensolutions.com\/?page_id=25028"},"modified":"2022-02-27T22:56:11","modified_gmt":"2022-02-27T21:56:11","slug":"politika-piskotkov","status":"publish","type":"page","link":"https:\/\/klemensolutions.com\/staging\/politika-piskotkov\/","title":{"rendered":"Politika pi\u0161kotkov"},"content":{"rendered":"\n<h3>O pi\u0161kotkih<\/h3>\nTa pravilnik o pi\u0161kotkih pojasnjuje, kaj so pi\u0161kotki in kako jih uporabljamo, vrste pi\u0161kotkov, ki jih uporabljamo, tj. podatke, ki jih zbiramo s pi\u0161kotki, in kako se te informacije uporabljajo ter kako nadzirati nastavitve pi\u0161kotkov. Za dodatne informacije o tem, kako uporabljamo, shranjujemo in varujemo va\u0161e osebne podatke, glejte na\u0161 pravilnik o zasebnosti.<br>\nSvoje soglasje iz izjave o pi\u0161kotkih na na\u0161em spletnem mestu lahko kadar koli spremenite ali prekli\u010dete<br>\nVe\u010d o tem, kdo smo, kako lahko stopite v stik z nami in kako obdelujemo osebne podatke, preberite v na\u0161i Politiki zasebnosti.<br>\nVa\u0161e soglasje velja za naslednje domene: klemensolutions.com<br>\n<div class=\"cli_user_consent_state\">Va\u0161e trenutno stanje: Ni privolitve. <a class=\"cli_manage_current_consent\" style=\"cursor:pointer;text-decoration:underline;\">Upravljajte svojo privolitev.<\/a> <\/div>\n<h3>Kaj so pi\u0161kotki ?<\/h3>\nPi\u0161kotki so majhne besedilne datoteke, ki se uporabljajo za shranjevanje majhnih informacij. Shranjeni so v va\u0161i napravi, ko je spletno mesto nalo\u017eeno v va\u0161em brskalniku. Ti pi\u0161kotki nam pomagajo, da spletno mesto deluje pravilno, da postane bolj varno, zagotavlja bolj\u0161o uporabni\u0161ko izku\u0161njo in razume, kako spletno mesto deluje, ter analizirati, kaj deluje in kje je treba izbolj\u0161ati.\n<h3>Kako uporabljamo pi\u0161kotke ?<\/h3>\n<p>Kot ve\u010dina spletnih storitev tudi na\u0161a spletna stran uporablja pi\u0161kotke prve in tretje osebe za ve\u010d namenov. Lastni pi\u0161kotki so ve\u010dinoma potrebni za pravilno delovanje spletne strani in ne zbirajo nobenih va\u0161ih osebnih podatkov.<\/p>\n<p>Pi\u0161kotki tretjih oseb, ki se uporabljajo na na\u0161em spletnem mestu, so v glavnem namenjeni razumevanju delovanja spletnega mesta, interakciji z na\u0161im spletnim mestom, varovanju na\u0161ih storitev, zagotavljanju oglasov, ki so pomembni za vas, in na splo\u0161no vam zagotavljajo bolj\u0161ega in izbolj\u0161anega uporabnika. izku\u0161nje in pomagajo pospe\u0161iti va\u0161e prihodnje interakcije z na\u0161im spletnim mestom.<\/p>\n<h3>Kak\u0161ne vrste pi\u0161kotkov uporabljamo ?<\/h3>\n<p>Bistveno: Nekateri pi\u0161kotki so nujni, da lahko izkusite celotno funkcionalnost na\u0161ega spletnega mesta. Omogo\u010dajo nam vzdr\u017eevanje uporabni\u0161kih sej in prepre\u010devanje morebitnih varnostnih gro\u017eenj. Ne zbirajo in ne shranjujejo nobenih osebnih podatkov. Ti pi\u0161kotki vam na primer omogo\u010dajo, da se prijavite v svoj ra\u010dun in dodate izdelke v svojo ko\u0161arico ter varno opravite nakup.<\/p>\n<p>Statistika: Ti pi\u0161kotki shranjujejo informacije, kot so \u0161tevilo obiskovalcev spletnega mesta, \u0161tevilo edinstvenih obiskovalcev, katere strani spletnega mesta so bile obiskane, vir obiska itd. Ti podatki nam pomagajo razumeti in analizirati, kako dobro deluje spletno mesto. in kjer je treba izbolj\u0161ati.<\/p>\nMarketing: Na\u0161a spletna stran prikazuje oglase. Ti pi\u0161kotki se uporabljajo za prilagajanje oglasov, ki vam jih prikazujemo, tako da so za vas pomembni. Ti pi\u0161kotki nam pomagajo tudi pri spremljanju u\u010dinkovitosti teh ogla\u0161evalskih akcij.<br>\nPodatke, shranjene v teh pi\u0161kotkih, lahko uporabljajo tudi tretji ponudniki oglasov za prikazovanje oglasov tudi na drugih spletnih mestih v brskalniku.\n<p>Funkcionalni: To so pi\u0161kotki, ki pomagajo nekaterim nebistvenim funkcijam na na\u0161em spletnem mestu. Te funkcije vklju\u010dujejo vdelavo vsebine, kot so videoposnetki, ali deljenje vsebine spletnega mesta na platformah dru\u017ebenih medijev.<\/p>\n<p>Nastavitve: Ti pi\u0161kotki nam pomagajo shraniti va\u0161e nastavitve in nastavitve brskanja, kot so jezikovne nastavitve, da boste imeli bolj\u0161o in u\u010dinkovitej\u0161o izku\u0161njo ob prihodnjih obiskih spletnega mesta.<\/p>\n<p>The below list details the cookies used in our website.<\/p><table class=\"cookielawinfo-row-cat-table cookielawinfo-classic\"><thead><tr><th class=\"cookielawinfo-column-1\">Pi\u0161kotek<\/th><th class=\"cookielawinfo-column-4\">Opis<\/th><\/tr><\/thead><tbody><tr class=\"cookielawinfo-row\"><td class=\"cookielawinfo-column-1\">cookielawinfo-checkbox-analytics<\/td><td class=\"cookielawinfo-column-4\">This cookie is set by GDPR Cookie Consent plugin. The cookie is used to store the user consent for the cookies in the category \"Analytics\".<\/td><\/tr><tr class=\"cookielawinfo-row\"><td class=\"cookielawinfo-column-1\">cookielawinfo-checkbox-functional<\/td><td class=\"cookielawinfo-column-4\">The cookie is set by GDPR cookie consent to record the user consent for the cookies in the category \"Functional\".<\/td><\/tr><tr class=\"cookielawinfo-row\"><td class=\"cookielawinfo-column-1\">cookielawinfo-checkbox-necessary<\/td><td class=\"cookielawinfo-column-4\">This cookie is set by GDPR Cookie Consent plugin. The cookies is used to store the user consent for the cookies in the category \"Necessary\".<\/td><\/tr><tr class=\"cookielawinfo-row\"><td class=\"cookielawinfo-column-1\">cookielawinfo-checkbox-others<\/td><td class=\"cookielawinfo-column-4\">This cookie is set by GDPR Cookie Consent plugin. The cookie is used to store the user consent for the cookies in the category \"Other.<\/td><\/tr><tr class=\"cookielawinfo-row\"><td class=\"cookielawinfo-column-1\">cookielawinfo-checkbox-performance<\/td><td class=\"cookielawinfo-column-4\">This cookie is set by GDPR Cookie Consent plugin. The cookie is used to store the user consent for the cookies in the category \"Performance\".<\/td><\/tr><tr class=\"cookielawinfo-row\"><td class=\"cookielawinfo-column-1\">viewed_cookie_policy<\/td><td class=\"cookielawinfo-column-4\">The cookie is set by the GDPR Cookie Consent plugin and is used to store whether or not user has consented to the use of cookies. It does not store any personal data.<\/td><\/tr><\/tbody><\/table>\n<h3>Kako lahko kontroliram nastavitve pi\u0161kotkov ?<\/h3>\n<p>\u010ce se odlo\u010dite, da boste pozneje med sejo brskanja spremenili svoje nastavitve, lahko na zaslonu kliknete zavihek \u00bbPolitika zasebnosti in pi\u0161kotkov\u00ab. To bo znova prikazalo obvestilo o soglasju, ki vam bo omogo\u010dilo, da spremenite svoje nastavitve ali v celoti umaknete soglasje.<\/p>\n<p>Poleg tega razli\u010dni brskalniki ponujajo razli\u010dne metode za blokiranje in brisanje pi\u0161kotkov, ki jih uporabljajo spletna mesta. Nastavitve brskalnika lahko spremenite tako, da blokirate\/izbri\u0161ete pi\u0161kotke. \u010ce \u017eelite izvedeti ve\u010d o upravljanju in brisanju pi\u0161kotkov, obi\u0161\u010dite wikipedia.org, www.allaboutcookies.org.<\/p>\n","protected":false},"excerpt":{"rendered":"<p>O pi\u0161kotkih Ta pravilnik o pi\u0161kotkih pojasnjuje, kaj so pi\u0161kotki in kako jih uporabljamo, vrste pi\u0161kotkov, ki jih uporabljamo, tj. podatke, ki jih zbiramo s pi\u0161kotki, in kako se te informacije uporabljajo ter kako nadzirati nastavitve pi\u0161kotkov. Za dodatne informacije o tem, kako uporabljamo, shranjujemo in varujemo va\u0161e osebne podatke, glejte na\u0161 pravilnik o zasebnosti. [&hellip;]<\/p>\n","protected":false},"author":1,"featured_media":0,"parent":0,"menu_order":0,"comment_status":"closed","ping_status":"closed","template":"","meta":{"site-sidebar-layout":"default","site-content-layout":"","ast-site-content-layout":"","site-content-style":"default","site-sidebar-style":"default","ast-global-header-display":"","ast-banner-title-visibility":"","ast-main-header-display":"","ast-hfb-above-header-display":"","ast-hfb-below-header-display":"","ast-hfb-mobile-header-display":"","site-post-title":"","ast-breadcrumbs-content":"","ast-featured-img":"","footer-sml-layout":"","theme-transparent-header-meta":"","adv-header-id-meta":"","stick-header-meta":"","header-above-stick-meta":"","header-main-stick-meta":"","header-below-stick-meta":"","astra-migrate-meta-layouts":"default","ast-page-background-enabled":"default","ast-page-background-meta":{"desktop":{"background-color":"","background-image":"","background-repeat":"repeat","background-position":"center center","background-size":"auto","background-attachment":"scroll","background-type":"","background-media":"","overlay-type":"","overlay-color":"","overlay-opacity":"","overlay-gradient":""},"tablet":{"background-color":"","background-image":"","background-repeat":"repeat","background-position":"center center","background-size":"auto","background-attachment":"scroll","background-type":"","background-media":"","overlay-type":"","overlay-color":"","overlay-opacity":"","overlay-gradient":""},"mobile":{"background-color":"","background-image":"","background-repeat":"repeat","background-position":"center center","background-size":"auto","background-attachment":"scroll","background-type":"","background-media":"","overlay-type":"","overlay-color":"","overlay-opacity":"","overlay-gradient":""}},"ast-content-background-meta":{"desktop":{"background-color":"var(--ast-global-color-5)","background-image":"","background-repeat":"repeat","background-position":"center center","background-size":"auto","background-attachment":"scroll","background-type":"","background-media":"","overlay-type":"","overlay-color":"","overlay-opacity":"","overlay-gradient":""},"tablet":{"background-color":"var(--ast-global-color-5)","background-image":"","background-repeat":"repeat","background-position":"center center","background-size":"auto","background-attachment":"scroll","background-type":"","background-media":"","overlay-type":"","overlay-color":"","overlay-opacity":"","overlay-gradient":""},"mobile":{"background-color":"var(--ast-global-color-5)","background-image":"","background-repeat":"repeat","background-position":"center center","background-size":"auto","background-attachment":"scroll","background-type":"","background-media":"","overlay-type":"","overlay-color":"","overlay-opacity":"","overlay-gradient":""}},"footnotes":""},"class_list":["post-25028","page","type-page","status-publish","hentry"],"yoast_head":"<!-- This site is optimized with the Yoast SEO plugin v23.1 - https:\/\/yoast.com\/wordpress\/plugins\/seo\/ -->\n<title>Politika pi\u0161kotkov - Klemen solutions<\/title>\n<meta name=\"description\" content=\"Pi\u0161kotki, cookies, politika pi\u0161kotkov\" \/>\n<meta name=\"robots\" content=\"noindex, follow, max-snippet:-1, max-image-preview:large, max-video-preview:-1\" \/>\n<meta property=\"og:locale\" content=\"sl_SI\" \/>\n<meta property=\"og:type\" content=\"article\" \/>\n<meta property=\"og:title\" content=\"Politika pi\u0161kotkov - Klemen solutions\" \/>\n<meta property=\"og:description\" content=\"Pi\u0161kotki, cookies, politika pi\u0161kotkov\" \/>\n<meta property=\"og:url\" content=\"https:\/\/klemensolutions.com\/staging\/politika-piskotkov\/\" \/>\n<meta property=\"og:site_name\" content=\"Klemen solutions\" \/>\n<meta property=\"article:modified_time\" content=\"2022-02-27T21:56:11+00:00\" \/>\n<meta name=\"twitter:card\" content=\"summary_large_image\" \/>\n<meta name=\"twitter:label1\" content=\"Est. reading time\" \/>\n\t<meta name=\"twitter:data1\" content=\"4 minute\" \/>\n<script type=\"application\/ld+json\" class=\"yoast-schema-graph\">{\"@context\":\"https:\/\/schema.org\",\"@graph\":[{\"@type\":\"WebPage\",\"@id\":\"https:\/\/klemensolutions.com\/staging\/politika-piskotkov\/\",\"url\":\"https:\/\/klemensolutions.com\/staging\/politika-piskotkov\/\",\"name\":\"Politika pi\u0161kotkov - Klemen solutions\",\"isPartOf\":{\"@id\":\"https:\/\/klemensolutions.com\/staging\/#website\"},\"datePublished\":\"2022-02-26T16:27:31+00:00\",\"dateModified\":\"2022-02-27T21:56:11+00:00\",\"description\":\"Pi\u0161kotki, cookies, politika pi\u0161kotkov\",\"breadcrumb\":{\"@id\":\"https:\/\/klemensolutions.com\/staging\/politika-piskotkov\/#breadcrumb\"},\"inLanguage\":\"sl-SI\",\"potentialAction\":[{\"@type\":\"ReadAction\",\"target\":[\"https:\/\/klemensolutions.com\/staging\/politika-piskotkov\/\"]}]},{\"@type\":\"BreadcrumbList\",\"@id\":\"https:\/\/klemensolutions.com\/staging\/politika-piskotkov\/#breadcrumb\",\"itemListElement\":[{\"@type\":\"ListItem\",\"position\":1,\"name\":\"Domov\",\"item\":\"https:\/\/klemensolutions.com\/staging\/\"},{\"@type\":\"ListItem\",\"position\":2,\"name\":\"Politika pi\u0161kotkov\"}]},{\"@type\":\"WebSite\",\"@id\":\"https:\/\/klemensolutions.com\/staging\/#website\",\"url\":\"https:\/\/klemensolutions.com\/staging\/\",\"name\":\"Klemen solutions\",\"description\":\"Skupaj zmoremo ve\u010d!\",\"potentialAction\":[{\"@type\":\"SearchAction\",\"target\":{\"@type\":\"EntryPoint\",\"urlTemplate\":\"https:\/\/klemensolutions.com\/staging\/?s={search_term_string}\"},\"query-input\":\"required name=search_term_string\"}],\"inLanguage\":\"sl-SI\"}]}<\/script>\n<!-- \/ Yoast SEO plugin. -->","yoast_head_json":{"title":"Politika pi\u0161kotkov - Klemen solutions","description":"Pi\u0161kotki, cookies, politika pi\u0161kotkov","robots":{"index":"noindex","follow":"follow","max-snippet":"max-snippet:-1","max-image-preview":"max-image-preview:large","max-video-preview":"max-video-preview:-1"},"og_locale":"sl_SI","og_type":"article","og_title":"Politika pi\u0161kotkov - Klemen solutions","og_description":"Pi\u0161kotki, cookies, politika pi\u0161kotkov","og_url":"https:\/\/klemensolutions.com\/staging\/politika-piskotkov\/","og_site_name":"Klemen solutions","article_modified_time":"2022-02-27T21:56:11+00:00","twitter_card":"summary_large_image","twitter_misc":{"Est. reading time":"4 minute"},"schema":{"@context":"https:\/\/schema.org","@graph":[{"@type":"WebPage","@id":"https:\/\/klemensolutions.com\/staging\/politika-piskotkov\/","url":"https:\/\/klemensolutions.com\/staging\/politika-piskotkov\/","name":"Politika pi\u0161kotkov - Klemen solutions","isPartOf":{"@id":"https:\/\/klemensolutions.com\/staging\/#website"},"datePublished":"2022-02-26T16:27:31+00:00","dateModified":"2022-02-27T21:56:11+00:00","description":"Pi\u0161kotki, cookies, politika pi\u0161kotkov","breadcrumb":{"@id":"https:\/\/klemensolutions.com\/staging\/politika-piskotkov\/#breadcrumb"},"inLanguage":"sl-SI","potentialAction":[{"@type":"ReadAction","target":["https:\/\/klemensolutions.com\/staging\/politika-piskotkov\/"]}]},{"@type":"BreadcrumbList","@id":"https:\/\/klemensolutions.com\/staging\/politika-piskotkov\/#breadcrumb","itemListElement":[{"@type":"ListItem","position":1,"name":"Domov","item":"https:\/\/klemensolutions.com\/staging\/"},{"@type":"ListItem","position":2,"name":"Politika pi\u0161kotkov"}]},{"@type":"WebSite","@id":"https:\/\/klemensolutions.com\/staging\/#website","url":"https:\/\/klemensolutions.com\/staging\/","name":"Klemen solutions","description":"Skupaj zmoremo ve\u010d!","potentialAction":[{"@type":"SearchAction","target":{"@type":"EntryPoint","urlTemplate":"https:\/\/klemensolutions.com\/staging\/?s={search_term_string}"},"query-input":"required name=search_term_string"}],"inLanguage":"sl-SI"}]}},"_links":{"self":[{"href":"https:\/\/klemensolutions.com\/staging\/wp-json\/wp\/v2\/pages\/25028","targetHints":{"allow":["GET"]}}],"collection":[{"href":"https:\/\/klemensolutions.com\/staging\/wp-json\/wp\/v2\/pages"}],"about":[{"href":"https:\/\/klemensolutions.com\/staging\/wp-json\/wp\/v2\/types\/page"}],"author":[{"embeddable":true,"href":"https:\/\/klemensolutions.com\/staging\/wp-json\/wp\/v2\/users\/1"}],"replies":[{"embeddable":true,"href":"https:\/\/klemensolutions.com\/staging\/wp-json\/wp\/v2\/comments?post=25028"}],"version-history":[{"count":3,"href":"https:\/\/klemensolutions.com\/staging\/wp-json\/wp\/v2\/pages\/25028\/revisions"}],"predecessor-version":[{"id":25042,"href":"https:\/\/klemensolutions.com\/staging\/wp-json\/wp\/v2\/pages\/25028\/revisions\/25042"}],"wp:attachment":[{"href":"https:\/\/klemensolutions.com\/staging\/wp-json\/wp\/v2\/media?parent=25028"}],"curies":[{"name":"wp","href":"https:\/\/api.w.org\/{rel}","templated":true}]}}