{"id":24972,"date":"2018-11-19T19:50:38","date_gmt":"2018-11-19T19:50:38","guid":{"rendered":"https:\/\/klemensolutions.com\/home\/"},"modified":"2022-03-21T20:43:39","modified_gmt":"2022-03-21T19:43:39","slug":"home","status":"publish","type":"page","link":"https:\/\/klemensolutions.com\/staging\/","title":{"rendered":"Domov"},"content":{"rendered":"\n<h1>\n\t\t\t\t\tExperti z izku\u0161njami \n\t\t\t\t<\/h1>\n\t\t\t<p>Krasijo nas izku\u0161nje pri izdelavi mobilnih re\u0161itev (Android, iOS, Windows Mobile, Windows CE) v kombinaciji z razli\u010dnimi podro\u010dji.<\/p>\n\t\t\t<a href=\"https:\/\/klemensolutions.com\/staging\/all-courses\/\" target=\"_self\" role=\"button\" rel=\"noopener\">\n\t\t\t\t\t\tRe\u0161itve\n\t\t<\/a>\n\t<h3>\n\t\t\t\t\tAndroid\n\t\t\t\t<\/h3>\n\t\t\t<p>Z znanjem in izku\u0161njami lahko zagotovimo Android re\u0161itev v kombinaciji z ro\u010dnimi terminali.<\/p>\n\t<h3>\n\t\t\t\t\tRe\u0161itve po meri\n\t\t\t\t<\/h3>\n\t\t\t<p>Izdelamo lahko Android \/ Windows Mobile \/ Windows CE, ki bo nadgradila va\u0161e poslovanje.<\/p>\n\t<h3>\n\t\t\t\t\tPovezava z va\u0161im sistemom\n\t\t\t\t<\/h3>\n\t\t\t<p>Uporabimo lahko izku\u0161nje in znanje, da na\u0161o re\u0161itev pove\u017eemo z va\u0161im sistemom.<\/p>\n<h2>\n\t\tLahko vam pomagamo!\n\t<\/h2>\n\t<ul>\n\t\t<li>\t\t\t\t\n\t\t<h4>I\u0161\u010dete re\u0161itev za Android naprave?<\/h4><p>V primeru, da potrebujete profesionalno Android re\u0161itev pri va\u0161em delu, smo pravi naslov za vas!<\/p><\/li><li>\t\t\t\t\n\t\t<h4>Potrebujete dodatno re\u0161itev v va\u0161em poslovanju?<\/h4><p>Ste ugotovili, da bi pri svojem poslovanju potrebovali dodatno mobilno re\u0161itev, a ne veste, kako to narediti? Potem smo pravi naslov za vas!<\/p><\/li><li>\t\t\t\t\n\t\t<h4>Ne najdete prave programske re\u0161itve za vas?<\/h4><p>V primeru, da \u0161e niste na\u0161li ustrezne programske re\u0161itve za va\u0161e poslovanje, predlagamo, da nas kontaktirate, da kupaj preverimo, kako bi vam lahko pomagali.<\/p><\/li>\t<\/ul>\n","protected":false},"excerpt":{"rendered":"<p>Experti z izku\u0161njami Krasijo nas izku\u0161nje pri izdelavi mobilnih re\u0161itev (Android, iOS, Windows Mobile, Windows CE) v kombinaciji z razli\u010dnimi podro\u010dji. Re\u0161itve Android Z znanjem in izku\u0161njami lahko zagotovimo Android re\u0161itev v kombinaciji z ro\u010dnimi terminali. Re\u0161itve po meri Izdelamo lahko Android \/ Windows Mobile \/ Windows CE, ki bo nadgradila va\u0161e poslovanje. Povezava z [&hellip;]<\/p>\n","protected":false},"author":1,"featured_media":0,"parent":0,"menu_order":0,"comment_status":"closed","ping_status":"closed","template":"","meta":{"site-sidebar-layout":"default","site-content-layout":"","ast-site-content-layout":"","site-content-style":"default","site-sidebar-style":"default","ast-global-header-display":"","ast-banner-title-visibility":"","ast-main-header-display":"","ast-hfb-above-header-display":"","ast-hfb-below-header-display":"","ast-hfb-mobile-header-display":"","site-post-title":"","ast-breadcrumbs-content":"","ast-featured-img":"","footer-sml-layout":"","theme-transparent-header-meta":"","adv-header-id-meta":"","stick-header-meta":"","header-above-stick-meta":"","header-main-stick-meta":"","header-below-stick-meta":"","astra-migrate-meta-layouts":"default","ast-page-background-enabled":"default","ast-page-background-meta":{"desktop":{"background-color":"","background-image":"","background-repeat":"repeat","background-position":"center center","background-size":"auto","background-attachment":"scroll","background-type":"","background-media":"","overlay-type":"","overlay-color":"","overlay-opacity":"","overlay-gradient":""},"tablet":{"background-color":"","background-image":"","background-repeat":"repeat","background-position":"center center","background-size":"auto","background-attachment":"scroll","background-type":"","background-media":"","overlay-type":"","overlay-color":"","overlay-opacity":"","overlay-gradient":""},"mobile":{"background-color":"","background-image":"","background-repeat":"repeat","background-position":"center center","background-size":"auto","background-attachment":"scroll","background-type":"","background-media":"","overlay-type":"","overlay-color":"","overlay-opacity":"","overlay-gradient":""}},"ast-content-background-meta":{"desktop":{"background-color":"var(--ast-global-color-5)","background-image":"","background-repeat":"repeat","background-position":"center center","background-size":"auto","background-attachment":"scroll","background-type":"","background-media":"","overlay-type":"","overlay-color":"","overlay-opacity":"","overlay-gradient":""},"tablet":{"background-color":"var(--ast-global-color-5)","background-image":"","background-repeat":"repeat","background-position":"center center","background-size":"auto","background-attachment":"scroll","background-type":"","background-media":"","overlay-type":"","overlay-color":"","overlay-opacity":"","overlay-gradient":""},"mobile":{"background-color":"var(--ast-global-color-5)","background-image":"","background-repeat":"repeat","background-position":"center center","background-size":"auto","background-attachment":"scroll","background-type":"","background-media":"","overlay-type":"","overlay-color":"","overlay-opacity":"","overlay-gradient":""}},"footnotes":""},"class_list":["post-24972","page","type-page","status-publish","hentry"],"yoast_head":"<!-- This site is optimized with the Yoast SEO plugin v23.1 - https:\/\/yoast.com\/wordpress\/plugins\/seo\/ -->\n<title>Domov - Klemen solutions<\/title>\n<meta name=\"description\" content=\"Doma\u010da stran Klemen solutions, Poslovne mobilne re\u0161itve, Mobilne re\u0161itve, Mobile solutions\" \/>\n<meta name=\"robots\" content=\"noindex, follow, max-snippet:-1, max-image-preview:large, max-video-preview:-1\" \/>\n<meta property=\"og:locale\" content=\"sl_SI\" \/>\n<meta property=\"og:type\" content=\"article\" \/>\n<meta property=\"og:title\" content=\"Domov - Klemen solutions\" \/>\n<meta property=\"og:description\" content=\"Doma\u010da stran Klemen solutions, Poslovne mobilne re\u0161itve, Mobilne re\u0161itve, Mobile solutions\" \/>\n<meta property=\"og:url\" content=\"https:\/\/klemensolutions.com\/staging\/\" \/>\n<meta property=\"og:site_name\" content=\"Klemen solutions\" \/>\n<meta property=\"article:modified_time\" content=\"2022-03-21T19:43:39+00:00\" \/>\n<meta name=\"twitter:card\" content=\"summary_large_image\" \/>\n<meta name=\"twitter:label1\" content=\"Est. reading time\" \/>\n\t<meta name=\"twitter:data1\" content=\"1 minuta\" \/>\n<script type=\"application\/ld+json\" class=\"yoast-schema-graph\">{\"@context\":\"https:\/\/schema.org\",\"@graph\":[{\"@type\":\"WebPage\",\"@id\":\"https:\/\/klemensolutions.com\/staging\/\",\"url\":\"https:\/\/klemensolutions.com\/staging\/\",\"name\":\"Domov - Klemen solutions\",\"isPartOf\":{\"@id\":\"https:\/\/klemensolutions.com\/staging\/#website\"},\"datePublished\":\"2018-11-19T19:50:38+00:00\",\"dateModified\":\"2022-03-21T19:43:39+00:00\",\"description\":\"Doma\u010da stran Klemen solutions, Poslovne mobilne re\u0161itve, Mobilne re\u0161itve, Mobile solutions\",\"breadcrumb\":{\"@id\":\"https:\/\/klemensolutions.com\/staging\/#breadcrumb\"},\"inLanguage\":\"sl-SI\",\"potentialAction\":[{\"@type\":\"ReadAction\",\"target\":[\"https:\/\/klemensolutions.com\/staging\/\"]}]},{\"@type\":\"BreadcrumbList\",\"@id\":\"https:\/\/klemensolutions.com\/staging\/#breadcrumb\",\"itemListElement\":[{\"@type\":\"ListItem\",\"position\":1,\"name\":\"Domov\",\"item\":\"https:\/\/klemensolutions.com\/staging\/\"},{\"@type\":\"ListItem\",\"position\":2,\"name\":\"Domov\"}]},{\"@type\":\"WebSite\",\"@id\":\"https:\/\/klemensolutions.com\/staging\/#website\",\"url\":\"https:\/\/klemensolutions.com\/staging\/\",\"name\":\"Klemen solutions\",\"description\":\"Skupaj zmoremo ve\u010d!\",\"potentialAction\":[{\"@type\":\"SearchAction\",\"target\":{\"@type\":\"EntryPoint\",\"urlTemplate\":\"https:\/\/klemensolutions.com\/staging\/?s={search_term_string}\"},\"query-input\":\"required name=search_term_string\"}],\"inLanguage\":\"sl-SI\"}]}<\/script>\n<!-- \/ Yoast SEO plugin. -->","yoast_head_json":{"title":"Domov - Klemen solutions","description":"Doma\u010da stran Klemen solutions, Poslovne mobilne re\u0161itve, Mobilne re\u0161itve, Mobile solutions","robots":{"index":"noindex","follow":"follow","max-snippet":"max-snippet:-1","max-image-preview":"max-image-preview:large","max-video-preview":"max-video-preview:-1"},"og_locale":"sl_SI","og_type":"article","og_title":"Domov - Klemen solutions","og_description":"Doma\u010da stran Klemen solutions, Poslovne mobilne re\u0161itve, Mobilne re\u0161itve, Mobile solutions","og_url":"https:\/\/klemensolutions.com\/staging\/","og_site_name":"Klemen solutions","article_modified_time":"2022-03-21T19:43:39+00:00","twitter_card":"summary_large_image","twitter_misc":{"Est. reading time":"1 minuta"},"schema":{"@context":"https:\/\/schema.org","@graph":[{"@type":"WebPage","@id":"https:\/\/klemensolutions.com\/staging\/","url":"https:\/\/klemensolutions.com\/staging\/","name":"Domov - Klemen solutions","isPartOf":{"@id":"https:\/\/klemensolutions.com\/staging\/#website"},"datePublished":"2018-11-19T19:50:38+00:00","dateModified":"2022-03-21T19:43:39+00:00","description":"Doma\u010da stran Klemen solutions, Poslovne mobilne re\u0161itve, Mobilne re\u0161itve, Mobile solutions","breadcrumb":{"@id":"https:\/\/klemensolutions.com\/staging\/#breadcrumb"},"inLanguage":"sl-SI","potentialAction":[{"@type":"ReadAction","target":["https:\/\/klemensolutions.com\/staging\/"]}]},{"@type":"BreadcrumbList","@id":"https:\/\/klemensolutions.com\/staging\/#breadcrumb","itemListElement":[{"@type":"ListItem","position":1,"name":"Domov","item":"https:\/\/klemensolutions.com\/staging\/"},{"@type":"ListItem","position":2,"name":"Domov"}]},{"@type":"WebSite","@id":"https:\/\/klemensolutions.com\/staging\/#website","url":"https:\/\/klemensolutions.com\/staging\/","name":"Klemen solutions","description":"Skupaj zmoremo ve\u010d!","potentialAction":[{"@type":"SearchAction","target":{"@type":"EntryPoint","urlTemplate":"https:\/\/klemensolutions.com\/staging\/?s={search_term_string}"},"query-input":"required name=search_term_string"}],"inLanguage":"sl-SI"}]}},"_links":{"self":[{"href":"https:\/\/klemensolutions.com\/staging\/wp-json\/wp\/v2\/pages\/24972","targetHints":{"allow":["GET"]}}],"collection":[{"href":"https:\/\/klemensolutions.com\/staging\/wp-json\/wp\/v2\/pages"}],"about":[{"href":"https:\/\/klemensolutions.com\/staging\/wp-json\/wp\/v2\/types\/page"}],"author":[{"embeddable":true,"href":"https:\/\/klemensolutions.com\/staging\/wp-json\/wp\/v2\/users\/1"}],"replies":[{"embeddable":true,"href":"https:\/\/klemensolutions.com\/staging\/wp-json\/wp\/v2\/comments?post=24972"}],"version-history":[{"count":11,"href":"https:\/\/klemensolutions.com\/staging\/wp-json\/wp\/v2\/pages\/24972\/revisions"}],"predecessor-version":[{"id":25100,"href":"https:\/\/klemensolutions.com\/staging\/wp-json\/wp\/v2\/pages\/24972\/revisions\/25100"}],"wp:attachment":[{"href":"https:\/\/klemensolutions.com\/staging\/wp-json\/wp\/v2\/media?parent=24972"}],"curies":[{"name":"wp","href":"https:\/\/api.w.org\/{rel}","templated":true}]}}