{"id":158,"date":"2018-12-06T12:49:02","date_gmt":"2018-12-06T12:49:02","guid":{"rendered":"https:\/\/klemensolutions.com\/about\/"},"modified":"2022-08-04T20:53:50","modified_gmt":"2022-08-04T18:53:50","slug":"about","status":"publish","type":"page","link":"https:\/\/klemensolutions.com\/staging\/about\/","title":{"rendered":"O nas"},"content":{"rendered":"\n\n\t<h1>\n\t\t\t\t\tO nas\n\t\t\t\t<\/h1>\n\t\n\t\t\t<p>Z ve\u010d kot desetletnimi izku\u0161njami na podro\u010dju mobilnih re\u0161itev vam lahko pomagamo pri:<\/p>\n<p>\u00a0<\/p>\n<ul>\n<li>\n<ul>\n<li>\n<ul>\n<li>specialnih android re\u0161itvah<\/li>\n<li>iOS re\u0161itvah<\/li>\n<li>re\u0161itvah po meri<\/li>\n<\/ul>\n<\/li>\n<\/ul>\n<\/li>\n<\/ul>\n\t<h2>\n\t\t\t\t\tNa\u0161a zgodba\n\t\t\t\t<\/h2>\n\t\t\t<p>Ustanovitelj Klemen Urban\u010d je svoje izku\u0161nje na podro\u010dju mobilnih re\u0161itev ter skladi\u0161\u010dnega poslovanja nabiral tekom svoje zaposlitve.<\/p>\n<p>Specializiral se je predvsem za re\u0161itve, ki so strankam narejene po meri. Pri tem je uporabil vse svoje znanje in izku\u0161nje, ki jih je pridobil v zadnjih ve\u010d kot desetih letih. Tako so stranke dobile \u0161e ve\u010d kot so pri\u010dakovale.<\/p>\n<p>Glavne re\u0161itve so se nana\u0161ale na Windows mobile \/ Windows ce, v zadnjem \u010dasu pa predvsem re\u0161itve, ki bazirajo na predvsem na Android sistemu:<\/p>\n<p>\u00a0<\/p>\n<ul>\n<li>Specialne re\u0161itve za skladi\u0161\u010dne re\u0161itve, ki so kot dodatek va\u0161emu obstoje\u010demu sistemu<\/li>\n<li>Re\u0161itve, ki potrebujejo evidentiranje na terenu in zbiranje ter po\u0161iljanje podatkov na centralno mesto<\/li>\n<li>Re\u0161itve za vodenje udele\u017eencev konferenc<\/li>\n<\/ul>\n<p>\u00a0<\/p>\n<p>Predlagamo vam, da po\u0161ljete va\u0161e povpra\u0161evanje za ve\u010d informacij.<\/p>\n\t<h2>\n\t\t\t\t\tOsnovni podatki o podjetju\n\t\t\t\t<\/h2>\n\t\t\t<p>Klemen solutions,<\/p>\n<p>informacijske tehnologije, Klemen Urban\u010d, s.p.<\/p>\n<p>Brod 43A<\/p>\n<p>8000 Novo mesto<\/p>\n<p>ID za DDV: SI23384719<\/p>\n<p>Mati\u010dna \u0161tevilka: 9102736000<\/p>\n\n","protected":false},"excerpt":{"rendered":"<p>O nas Z ve\u010d kot desetletnimi izku\u0161njami na podro\u010dju mobilnih re\u0161itev vam lahko pomagamo pri: \u00a0 specialnih android re\u0161itvah iOS re\u0161itvah re\u0161itvah po meri Na\u0161a zgodba Ustanovitelj Klemen Urban\u010d je svoje izku\u0161nje na podro\u010dju mobilnih re\u0161itev ter skladi\u0161\u010dnega poslovanja nabiral tekom svoje zaposlitve. Specializiral se je predvsem za re\u0161itve, ki so strankam narejene po meri. [&hellip;]<\/p>\n","protected":false},"author":1,"featured_media":0,"parent":0,"menu_order":0,"comment_status":"closed","ping_status":"closed","template":"","meta":{"site-sidebar-layout":"no-sidebar","site-content-layout":"page-builder","ast-site-content-layout":"","site-content-style":"default","site-sidebar-style":"default","ast-global-header-display":"","ast-banner-title-visibility":"","ast-main-header-display":"","ast-hfb-above-header-display":"","ast-hfb-below-header-display":"","ast-hfb-mobile-header-display":"","site-post-title":"disabled","ast-breadcrumbs-content":"","ast-featured-img":"disabled","footer-sml-layout":"","theme-transparent-header-meta":"enabled","adv-header-id-meta":"","stick-header-meta":"","header-above-stick-meta":"","header-main-stick-meta":"","header-below-stick-meta":"","astra-migrate-meta-layouts":"default","ast-page-background-enabled":"default","ast-page-background-meta":{"desktop":{"background-color":"","background-image":"","background-repeat":"repeat","background-position":"center center","background-size":"auto","background-attachment":"scroll","background-type":"","background-media":"","overlay-type":"","overlay-color":"","overlay-opacity":"","overlay-gradient":""},"tablet":{"background-color":"","background-image":"","background-repeat":"repeat","background-position":"center center","background-size":"auto","background-attachment":"scroll","background-type":"","background-media":"","overlay-type":"","overlay-color":"","overlay-opacity":"","overlay-gradient":""},"mobile":{"background-color":"","background-image":"","background-repeat":"repeat","background-position":"center center","background-size":"auto","background-attachment":"scroll","background-type":"","background-media":"","overlay-type":"","overlay-color":"","overlay-opacity":"","overlay-gradient":""}},"ast-content-background-meta":{"desktop":{"background-color":"var(--ast-global-color-5)","background-image":"","background-repeat":"repeat","background-position":"center center","background-size":"auto","background-attachment":"scroll","background-type":"","background-media":"","overlay-type":"","overlay-color":"","overlay-opacity":"","overlay-gradient":""},"tablet":{"background-color":"var(--ast-global-color-5)","background-image":"","background-repeat":"repeat","background-position":"center center","background-size":"auto","background-attachment":"scroll","background-type":"","background-media":"","overlay-type":"","overlay-color":"","overlay-opacity":"","overlay-gradient":""},"mobile":{"background-color":"var(--ast-global-color-5)","background-image":"","background-repeat":"repeat","background-position":"center center","background-size":"auto","background-attachment":"scroll","background-type":"","background-media":"","overlay-type":"","overlay-color":"","overlay-opacity":"","overlay-gradient":""}},"footnotes":""},"class_list":["post-158","page","type-page","status-publish","hentry"],"yoast_head":"<!-- This site is optimized with the Yoast SEO plugin v23.1 - https:\/\/yoast.com\/wordpress\/plugins\/seo\/ -->\n<title>O nas - Klemen solutions<\/title>\n<meta name=\"description\" content=\"About us, About Klemen solutions, Mobile solutions, mobilne re\u0161itve, o nas\" \/>\n<meta name=\"robots\" content=\"noindex, follow, max-snippet:-1, max-image-preview:large, max-video-preview:-1\" \/>\n<meta property=\"og:locale\" content=\"sl_SI\" \/>\n<meta property=\"og:type\" content=\"article\" \/>\n<meta property=\"og:title\" content=\"O nas - Klemen solutions\" \/>\n<meta property=\"og:description\" content=\"About us, About Klemen solutions, Mobile solutions, mobilne re\u0161itve, o nas\" \/>\n<meta property=\"og:url\" content=\"https:\/\/klemensolutions.com\/staging\/about\/\" \/>\n<meta property=\"og:site_name\" content=\"Klemen solutions\" \/>\n<meta property=\"article:modified_time\" content=\"2022-08-04T18:53:50+00:00\" \/>\n<meta name=\"twitter:card\" content=\"summary_large_image\" \/>\n<meta name=\"twitter:label1\" content=\"Est. reading time\" \/>\n\t<meta name=\"twitter:data1\" content=\"1 minuta\" \/>\n<script type=\"application\/ld+json\" class=\"yoast-schema-graph\">{\"@context\":\"https:\/\/schema.org\",\"@graph\":[{\"@type\":\"WebPage\",\"@id\":\"https:\/\/klemensolutions.com\/staging\/about\/\",\"url\":\"https:\/\/klemensolutions.com\/staging\/about\/\",\"name\":\"O nas - Klemen solutions\",\"isPartOf\":{\"@id\":\"https:\/\/klemensolutions.com\/staging\/#website\"},\"datePublished\":\"2018-12-06T12:49:02+00:00\",\"dateModified\":\"2022-08-04T18:53:50+00:00\",\"description\":\"About us, About Klemen solutions, Mobile solutions, mobilne re\u0161itve, o nas\",\"breadcrumb\":{\"@id\":\"https:\/\/klemensolutions.com\/staging\/about\/#breadcrumb\"},\"inLanguage\":\"sl-SI\",\"potentialAction\":[{\"@type\":\"ReadAction\",\"target\":[\"https:\/\/klemensolutions.com\/staging\/about\/\"]}]},{\"@type\":\"BreadcrumbList\",\"@id\":\"https:\/\/klemensolutions.com\/staging\/about\/#breadcrumb\",\"itemListElement\":[{\"@type\":\"ListItem\",\"position\":1,\"name\":\"Domov\",\"item\":\"https:\/\/klemensolutions.com\/staging\/\"},{\"@type\":\"ListItem\",\"position\":2,\"name\":\"O nas\"}]},{\"@type\":\"WebSite\",\"@id\":\"https:\/\/klemensolutions.com\/staging\/#website\",\"url\":\"https:\/\/klemensolutions.com\/staging\/\",\"name\":\"Klemen solutions\",\"description\":\"Skupaj zmoremo ve\u010d!\",\"potentialAction\":[{\"@type\":\"SearchAction\",\"target\":{\"@type\":\"EntryPoint\",\"urlTemplate\":\"https:\/\/klemensolutions.com\/staging\/?s={search_term_string}\"},\"query-input\":\"required name=search_term_string\"}],\"inLanguage\":\"sl-SI\"}]}<\/script>\n<!-- \/ Yoast SEO plugin. -->","yoast_head_json":{"title":"O nas - Klemen solutions","description":"About us, About Klemen solutions, Mobile solutions, mobilne re\u0161itve, o nas","robots":{"index":"noindex","follow":"follow","max-snippet":"max-snippet:-1","max-image-preview":"max-image-preview:large","max-video-preview":"max-video-preview:-1"},"og_locale":"sl_SI","og_type":"article","og_title":"O nas - Klemen solutions","og_description":"About us, About Klemen solutions, Mobile solutions, mobilne re\u0161itve, o nas","og_url":"https:\/\/klemensolutions.com\/staging\/about\/","og_site_name":"Klemen solutions","article_modified_time":"2022-08-04T18:53:50+00:00","twitter_card":"summary_large_image","twitter_misc":{"Est. reading time":"1 minuta"},"schema":{"@context":"https:\/\/schema.org","@graph":[{"@type":"WebPage","@id":"https:\/\/klemensolutions.com\/staging\/about\/","url":"https:\/\/klemensolutions.com\/staging\/about\/","name":"O nas - Klemen solutions","isPartOf":{"@id":"https:\/\/klemensolutions.com\/staging\/#website"},"datePublished":"2018-12-06T12:49:02+00:00","dateModified":"2022-08-04T18:53:50+00:00","description":"About us, About Klemen solutions, Mobile solutions, mobilne re\u0161itve, o nas","breadcrumb":{"@id":"https:\/\/klemensolutions.com\/staging\/about\/#breadcrumb"},"inLanguage":"sl-SI","potentialAction":[{"@type":"ReadAction","target":["https:\/\/klemensolutions.com\/staging\/about\/"]}]},{"@type":"BreadcrumbList","@id":"https:\/\/klemensolutions.com\/staging\/about\/#breadcrumb","itemListElement":[{"@type":"ListItem","position":1,"name":"Domov","item":"https:\/\/klemensolutions.com\/staging\/"},{"@type":"ListItem","position":2,"name":"O nas"}]},{"@type":"WebSite","@id":"https:\/\/klemensolutions.com\/staging\/#website","url":"https:\/\/klemensolutions.com\/staging\/","name":"Klemen solutions","description":"Skupaj zmoremo ve\u010d!","potentialAction":[{"@type":"SearchAction","target":{"@type":"EntryPoint","urlTemplate":"https:\/\/klemensolutions.com\/staging\/?s={search_term_string}"},"query-input":"required name=search_term_string"}],"inLanguage":"sl-SI"}]}},"_links":{"self":[{"href":"https:\/\/klemensolutions.com\/staging\/wp-json\/wp\/v2\/pages\/158","targetHints":{"allow":["GET"]}}],"collection":[{"href":"https:\/\/klemensolutions.com\/staging\/wp-json\/wp\/v2\/pages"}],"about":[{"href":"https:\/\/klemensolutions.com\/staging\/wp-json\/wp\/v2\/types\/page"}],"author":[{"embeddable":true,"href":"https:\/\/klemensolutions.com\/staging\/wp-json\/wp\/v2\/users\/1"}],"replies":[{"embeddable":true,"href":"https:\/\/klemensolutions.com\/staging\/wp-json\/wp\/v2\/comments?post=158"}],"version-history":[{"count":11,"href":"https:\/\/klemensolutions.com\/staging\/wp-json\/wp\/v2\/pages\/158\/revisions"}],"predecessor-version":[{"id":25167,"href":"https:\/\/klemensolutions.com\/staging\/wp-json\/wp\/v2\/pages\/158\/revisions\/25167"}],"wp:attachment":[{"href":"https:\/\/klemensolutions.com\/staging\/wp-json\/wp\/v2\/media?parent=158"}],"curies":[{"name":"wp","href":"https:\/\/api.w.org\/{rel}","templated":true}]}}